{"id":77,"date":"2020-08-28T06:52:37","date_gmt":"2020-08-28T06:52:37","guid":{"rendered":"http:\/\/dexadiab.com\/?page_id=77"},"modified":"2020-08-28T07:26:02","modified_gmt":"2020-08-28T07:26:02","slug":"servicios","status":"publish","type":"page","link":"https:\/\/dexadiab.com\/?page_id=77","title":{"rendered":"SERVICIOS"},"content":{"rendered":"\n<h3 class=\"has-text-align-center wp-block-heading\">INVESTIGACI\u00d3N CIENT\u00cdFICA<\/h3>\n\n\n\n<figure class=\"wp-block-image size-large\"><img fetchpriority=\"high\" decoding=\"async\" width=\"750\" height=\"600\" src=\"https:\/\/dexadiab.com\/wp-content\/uploads\/2020\/08\/Investigacion.jpg\" alt=\"\" class=\"wp-image-78\" srcset=\"https:\/\/dexadiab.com\/wp-content\/uploads\/2020\/08\/Investigacion.jpg 750w, https:\/\/dexadiab.com\/wp-content\/uploads\/2020\/08\/Investigacion-300x240.jpg 300w\" sizes=\"(max-width: 750px) 100vw, 750px\" \/><\/figure>\n\n\n\n<p class=\"has-text-align-center\">Programas especializados en protocolos de investigaci\u00f3n cl\u00ednica nacional e internacional. Que se rige por las buenas pr\u00e1cticas cl\u00ednicas en el \u00e1rea de:<br>Diabetes<br>Obesidad<br>L\u00edpidos<br>Osteoporosis<br>Enfermedades reumatol\u00f3gicas<br>Riesgo cardiovascular<\/p>\n\n\n\n<h3 class=\"has-text-align-center wp-block-heading\"><strong>DENSITOMETRIA OSEA<\/strong><\/h3>\n\n\n\n<figure class=\"wp-block-image size-large\"><img decoding=\"async\" width=\"983\" height=\"750\" src=\"https:\/\/dexadiab.com\/wp-content\/uploads\/2020\/08\/densitometria.jpg\" alt=\"\" class=\"wp-image-80\" srcset=\"https:\/\/dexadiab.com\/wp-content\/uploads\/2020\/08\/densitometria.jpg 983w, https:\/\/dexadiab.com\/wp-content\/uploads\/2020\/08\/densitometria-300x229.jpg 300w, https:\/\/dexadiab.com\/wp-content\/uploads\/2020\/08\/densitometria-768x586.jpg 768w\" sizes=\"(max-width: 983px) 100vw, 983px\" \/><\/figure>\n\n\n\n<p class=\"has-text-align-center\">Es el estudio mediante el cual se determina cuantitativamente la densidad mineral \u00f3sea (DMO) en regiones espec\u00edficas del cuerpo tales como columna lumbar, cuello femoral o regi\u00f3n distal de antebrazos, que nos permite diagnosticar de manera precisa la osteoporosis y adelantar investigaci\u00f3n cl\u00ednica a trav\u00e9s del manejo de datos num\u00e9ricos con densitometr\u00eda \u00f3sea, proyectos de investigaci\u00f3n y seguimiento de pacientes con osteoporosis.<\/p>\n\n\n\n<p class=\"has-text-align-center\">Indicaciones para Densitometria Osea<br>Todas las mujeres mayores de 65 a\u00f1os.<br>Todos los hombres de 70 a\u00f1os o m\u00e1s.<br>Cualquier persona con una fractura por fragilidad.<br>Cualquier persona con una enfermedad, condici\u00f3n o medicamento asociado con osteoporosis.<br>Cualquier persona que est\u00e1 considerando la terapia para la osteoporosis, si las pruebas de densidad \u00f3sea facilitar\u00eda la decisi\u00f3n.<\/p>\n\n\n\n<h3 class=\"has-text-align-center wp-block-heading\"><strong>CONSULTA ESPECIALIZADA DE ENDOCRINOLOGIA<\/strong><\/h3>\n\n\n\n<div class=\"wp-block-image\"><figure class=\"aligncenter size-large is-resized\"><img decoding=\"async\" src=\"https:\/\/dexadiab.com\/wp-content\/uploads\/2020\/08\/consulta-Endo.jpg\" alt=\"\" class=\"wp-image-81\" width=\"523\" height=\"524\" srcset=\"https:\/\/dexadiab.com\/wp-content\/uploads\/2020\/08\/consulta-Endo.jpg 548w, https:\/\/dexadiab.com\/wp-content\/uploads\/2020\/08\/consulta-Endo-300x300.jpg 300w, https:\/\/dexadiab.com\/wp-content\/uploads\/2020\/08\/consulta-Endo-150x150.jpg 150w\" sizes=\"(max-width: 523px) 100vw, 523px\" \/><\/figure><\/div>\n\n\n\n<p class=\"has-text-align-center\">La consulta especializada de endocrinolog\u00eda se solicita cuando el m\u00e9dico tratante o especialista de otra \u00e1rea encuentra o sospecha una disfunci\u00f3n endocrina o metab\u00f3lica y requiere un concepto medico especializada para un plan de tratamiento y prevenci\u00f3n de complicaciones. La meta ser\u00e1 la mejor\u00eda de la calidad de vida de la persona afectada.<br>Procedimiento Especializado de Endocrinolog\u00eda<br>Biopsia de tiroides<br>Gluc\u00f3metria ambulatoria<br>Pruebas din\u00e1micas endocrinas<br>Densitometr\u00eda \u00f3sea (tecnolog\u00eda Dexa)<br>Densitometr\u00eda por tamizaje.<br>Monitoreo continuo de glucosa de 3 d\u00edas y 6 d\u00edas. (holter de glucosa.)<\/p>\n\n\n\n<h3 class=\"has-text-align-center wp-block-heading\"><strong>PROGRAMA DE BOMBAS DE INFUSION DE INSULINA<\/strong><\/h3>\n\n\n\n<div class=\"wp-block-image\"><figure class=\"aligncenter size-large\"><img loading=\"lazy\" decoding=\"async\" width=\"512\" height=\"324\" src=\"https:\/\/dexadiab.com\/wp-content\/uploads\/2020\/08\/Programa.jpg\" alt=\"\" class=\"wp-image-82\" srcset=\"https:\/\/dexadiab.com\/wp-content\/uploads\/2020\/08\/Programa.jpg 512w, https:\/\/dexadiab.com\/wp-content\/uploads\/2020\/08\/Programa-300x190.jpg 300w\" sizes=\"(max-width: 512px) 100vw, 512px\" \/><\/figure><\/div>\n\n\n\n<p class=\"has-text-align-center\">Este programa estar\u00e1 liderado por el m\u00e9dico endocrin\u00f3logo en compa\u00f1\u00eda del equipo de Medtronic, este seguimiento incluye.<br>Programar ratios.<br>Revisar sensibilidades basales.5<br>Verificar objetivos de glucosa.<br>Adecuar insulina activa.<br>Optimizar alarma del sensor.<br>Educaci\u00f3n especializada en el uso de la bomba.<\/p>\n\n\n\n<p><\/p>\n\n\n\n<h3 class=\"has-text-align-center wp-block-heading\"><strong>CL\u00cdNICA DE D\u00cdA<\/strong><\/h3>\n\n\n\n<div class=\"wp-block-image\"><figure class=\"aligncenter size-large is-resized\"><img loading=\"lazy\" decoding=\"async\" src=\"https:\/\/dexadiab.com\/wp-content\/uploads\/2020\/08\/Corazon.jpg\" alt=\"\" class=\"wp-image-83\" width=\"506\" height=\"514\" srcset=\"https:\/\/dexadiab.com\/wp-content\/uploads\/2020\/08\/Corazon.jpg 394w, https:\/\/dexadiab.com\/wp-content\/uploads\/2020\/08\/Corazon-296x300.jpg 296w\" sizes=\"(max-width: 506px) 100vw, 506px\" \/><\/figure><\/div>\n\n\n\n<p class=\"has-text-align-center\">Mejorar el estado de salud y calidad de vida.<\/p>\n\n\n\n<p class=\"has-text-align-center\">Facilitar el desarrollo en comunidad y el auto aprendizaje de la persona afectada mediante m\u00e9todos pr\u00e1cticos y recursivos<\/p>\n\n\n\n<p class=\"has-text-align-center\">Mejorar el estado de salud y calidad de vida.<br>Facilitar el desarrollo en comunidad y el auto aprendizaje de la persona afectada mediante m\u00e9todos pr\u00e1cticos y recursivos<br>Aumentar en ni\u00f1os y adultos los conceptos y vocabulario relacionado con Diabetes para un mejor manejo<br>Ense\u00f1ar h\u00e1bitos alimentarios saludables para obtener mejores controles de glucemias y una alimentaci\u00f3n agradable La palabra DIETA no es igual a RESTRICICION.<br>Disminuir y prevenir complicaciones cr\u00f3nicas y agudas de la diabetes<br>Desarrollar habilidades para un manejo eficiente de la informaci\u00f3n entregada<br>Promover: Autocontrol gluc\u00e9mico, actividad f\u00edsica, asistencia a charlas educativas.<\/p>\n\n\n\n<p><\/p>\n","protected":false},"excerpt":{"rendered":"<p>INVESTIGACI\u00d3N CIENT\u00cdFICA Programas especializados en protocolos de investigaci\u00f3n cl\u00ednica nacional e internacional. Que se rige por las buenas pr\u00e1cticas cl\u00ednicas en el \u00e1rea de:DiabetesObesidadL\u00edpidosOsteoporosisEnfermedades reumatol\u00f3gicasRiesgo cardiovascular DENSITOMETRIA OSEA Es el estudio mediante el cual se determina cuantitativamente la densidad mineral \u00f3sea (DMO) en regiones espec\u00edficas del cuerpo tales como columna lumbar, cuello femoral o regi\u00f3n&nbsp;&hellip;<\/p>\n","protected":false},"author":1,"featured_media":0,"parent":0,"menu_order":0,"comment_status":"closed","ping_status":"closed","template":"","meta":{"om_disable_all_campaigns":false,"_monsterinsights_skip_tracking":false,"_monsterinsights_sitenote_active":false,"_monsterinsights_sitenote_note":"","_monsterinsights_sitenote_category":0,"footnotes":""},"class_list":["post-77","page","type-page","status-publish","hentry"],"_links":{"self":[{"href":"https:\/\/dexadiab.com\/index.php?rest_route=\/wp\/v2\/pages\/77","targetHints":{"allow":["GET"]}}],"collection":[{"href":"https:\/\/dexadiab.com\/index.php?rest_route=\/wp\/v2\/pages"}],"about":[{"href":"https:\/\/dexadiab.com\/index.php?rest_route=\/wp\/v2\/types\/page"}],"author":[{"embeddable":true,"href":"https:\/\/dexadiab.com\/index.php?rest_route=\/wp\/v2\/users\/1"}],"replies":[{"embeddable":true,"href":"https:\/\/dexadiab.com\/index.php?rest_route=%2Fwp%2Fv2%2Fcomments&post=77"}],"version-history":[{"count":3,"href":"https:\/\/dexadiab.com\/index.php?rest_route=\/wp\/v2\/pages\/77\/revisions"}],"predecessor-version":[{"id":114,"href":"https:\/\/dexadiab.com\/index.php?rest_route=\/wp\/v2\/pages\/77\/revisions\/114"}],"wp:attachment":[{"href":"https:\/\/dexadiab.com\/index.php?rest_route=%2Fwp%2Fv2%2Fmedia&parent=77"}],"curies":[{"name":"wp","href":"https:\/\/api.w.org\/{rel}","templated":true}]}}