{"id":236,"date":"2020-10-17T13:58:06","date_gmt":"2020-10-17T13:58:06","guid":{"rendered":"http:\/\/dexadiab.com\/?page_id=236"},"modified":"2020-10-17T13:58:06","modified_gmt":"2020-10-17T13:58:06","slug":"clinica-de-dia","status":"publish","type":"page","link":"https:\/\/dexadiab.com\/?page_id=236","title":{"rendered":"CL\u00cdNICA DE D\u00cdA"},"content":{"rendered":"\n<div class=\"wp-block-image\"><figure class=\"aligncenter size-large\"><img fetchpriority=\"high\" decoding=\"async\" width=\"394\" height=\"400\" src=\"http:\/\/dexadiab.com\/wp-content\/uploads\/2020\/08\/Corazon.jpg\" alt=\"\" class=\"wp-image-83\" srcset=\"https:\/\/dexadiab.com\/wp-content\/uploads\/2020\/08\/Corazon.jpg 394w, https:\/\/dexadiab.com\/wp-content\/uploads\/2020\/08\/Corazon-296x300.jpg 296w\" sizes=\"(max-width: 394px) 100vw, 394px\" \/><figcaption>Mejorar el estado de salud y calidad de vida.<br><br>Facilitar el desarrollo en comunidad y el auto aprendizaje de la persona afectada mediante m\u00e9todos pr\u00e1cticos y recursivos<br><br>Mejorar el estado de salud y calidad de vida.<br>Facilitar el desarrollo en comunidad y el auto aprendizaje de la persona afectada mediante m\u00e9todos pr\u00e1cticos y recursivos<br>Aumentar en ni\u00f1os y adultos los conceptos y vocabulario relacionado con Diabetes para un mejor manejo<br>Ense\u00f1ar h\u00e1bitos alimentarios saludables para obtener mejores controles de glucemias y una alimentaci\u00f3n agradable La palabra DIETA no es igual a RESTRICICION.<br>Disminuir y prevenir complicaciones cr\u00f3nicas y agudas de la diabetes<br>Desarrollar habilidades para un manejo eficiente de la informaci\u00f3n entregada<br>Promover: Autocontrol gluc\u00e9mico, actividad f\u00edsica, asistencia a charlas educativas.<\/figcaption><\/figure><\/div>\n","protected":false},"excerpt":{"rendered":"","protected":false},"author":1,"featured_media":0,"parent":0,"menu_order":0,"comment_status":"closed","ping_status":"closed","template":"","meta":{"om_disable_all_campaigns":false,"_monsterinsights_skip_tracking":false,"_monsterinsights_sitenote_active":false,"_monsterinsights_sitenote_note":"","_monsterinsights_sitenote_category":0,"footnotes":""},"class_list":["post-236","page","type-page","status-publish","hentry"],"_links":{"self":[{"href":"https:\/\/dexadiab.com\/index.php?rest_route=\/wp\/v2\/pages\/236","targetHints":{"allow":["GET"]}}],"collection":[{"href":"https:\/\/dexadiab.com\/index.php?rest_route=\/wp\/v2\/pages"}],"about":[{"href":"https:\/\/dexadiab.com\/index.php?rest_route=\/wp\/v2\/types\/page"}],"author":[{"embeddable":true,"href":"https:\/\/dexadiab.com\/index.php?rest_route=\/wp\/v2\/users\/1"}],"replies":[{"embeddable":true,"href":"https:\/\/dexadiab.com\/index.php?rest_route=%2Fwp%2Fv2%2Fcomments&post=236"}],"version-history":[{"count":1,"href":"https:\/\/dexadiab.com\/index.php?rest_route=\/wp\/v2\/pages\/236\/revisions"}],"predecessor-version":[{"id":237,"href":"https:\/\/dexadiab.com\/index.php?rest_route=\/wp\/v2\/pages\/236\/revisions\/237"}],"wp:attachment":[{"href":"https:\/\/dexadiab.com\/index.php?rest_route=%2Fwp%2Fv2%2Fmedia&parent=236"}],"curies":[{"name":"wp","href":"https:\/\/api.w.org\/{rel}","templated":true}]}}