{"id":234,"date":"2020-10-17T13:56:30","date_gmt":"2020-10-17T13:56:30","guid":{"rendered":"http:\/\/dexadiab.com\/?page_id=234"},"modified":"2020-10-17T13:56:31","modified_gmt":"2020-10-17T13:56:31","slug":"programa-de-bombas-de-infusion-de-insulina","status":"publish","type":"page","link":"https:\/\/dexadiab.com\/?page_id=234","title":{"rendered":"PROGRAMA DE BOMBAS DE INFUSION DE INSULINA"},"content":{"rendered":"\n<div class=\"wp-block-image\"><figure class=\"aligncenter size-large\"><img fetchpriority=\"high\" decoding=\"async\" width=\"512\" height=\"324\" src=\"http:\/\/dexadiab.com\/wp-content\/uploads\/2020\/08\/Programa.jpg\" alt=\"\" class=\"wp-image-82\" srcset=\"https:\/\/dexadiab.com\/wp-content\/uploads\/2020\/08\/Programa.jpg 512w, https:\/\/dexadiab.com\/wp-content\/uploads\/2020\/08\/Programa-300x190.jpg 300w\" sizes=\"(max-width: 512px) 100vw, 512px\" \/><figcaption>Este programa estar\u00e1 liderado por el m\u00e9dico endocrin\u00f3logo en compa\u00f1\u00eda del equipo de Medtronic, este seguimiento incluye.<br>Programar ratios.<br>Revisar sensibilidades basales.5<br>Verificar objetivos de glucosa.<br>Adecuar insulina activa.<br>Optimizar alarma del sensor.<br>Educaci\u00f3n especializada en el uso de la bomba.<br><br><\/figcaption><\/figure><\/div>\n\n\n\n<p><\/p>\n","protected":false},"excerpt":{"rendered":"","protected":false},"author":1,"featured_media":0,"parent":0,"menu_order":0,"comment_status":"closed","ping_status":"closed","template":"","meta":{"om_disable_all_campaigns":false,"_monsterinsights_skip_tracking":false,"_monsterinsights_sitenote_active":false,"_monsterinsights_sitenote_note":"","_monsterinsights_sitenote_category":0,"footnotes":""},"class_list":["post-234","page","type-page","status-publish","hentry"],"_links":{"self":[{"href":"https:\/\/dexadiab.com\/index.php?rest_route=\/wp\/v2\/pages\/234","targetHints":{"allow":["GET"]}}],"collection":[{"href":"https:\/\/dexadiab.com\/index.php?rest_route=\/wp\/v2\/pages"}],"about":[{"href":"https:\/\/dexadiab.com\/index.php?rest_route=\/wp\/v2\/types\/page"}],"author":[{"embeddable":true,"href":"https:\/\/dexadiab.com\/index.php?rest_route=\/wp\/v2\/users\/1"}],"replies":[{"embeddable":true,"href":"https:\/\/dexadiab.com\/index.php?rest_route=%2Fwp%2Fv2%2Fcomments&post=234"}],"version-history":[{"count":1,"href":"https:\/\/dexadiab.com\/index.php?rest_route=\/wp\/v2\/pages\/234\/revisions"}],"predecessor-version":[{"id":235,"href":"https:\/\/dexadiab.com\/index.php?rest_route=\/wp\/v2\/pages\/234\/revisions\/235"}],"wp:attachment":[{"href":"https:\/\/dexadiab.com\/index.php?rest_route=%2Fwp%2Fv2%2Fmedia&parent=234"}],"curies":[{"name":"wp","href":"https:\/\/api.w.org\/{rel}","templated":true}]}}